{"id":4050,"date":"2021-12-18T16:39:47","date_gmt":"2021-12-18T16:39:47","guid":{"rendered":"https:\/\/the7.io\/elementor-business\/?page_id=4050"},"modified":"2025-06-13T22:37:52","modified_gmt":"2025-06-13T22:37:52","slug":"contacto","status":"publish","type":"page","link":"https:\/\/myrconsultores.mx\/index.php\/contacto\/","title":{"rendered":"Contacto"},"content":{"rendered":"\t\t<div data-elementor-type=\"wp-page\" data-elementor-id=\"4050\" class=\"elementor elementor-4050\">\n\t\t\t\t\t\t\t\t\t<section class=\"elementor-section elementor-top-section elementor-element elementor-element-29fca01 elementor-section-boxed elementor-section-height-default elementor-section-height-default\" data-id=\"29fca01\" data-element_type=\"section\">\n\t\t\t\t\t\t<div class=\"elementor-container elementor-column-gap-wider\">\n\t\t\t\t\t<div class=\"elementor-column elementor-col-33 elementor-top-column elementor-element elementor-element-47b6b3d\" data-id=\"47b6b3d\" data-element_type=\"column\">\n\t\t\t<div class=\"elementor-widget-wrap elementor-element-populated\">\n\t\t\t\t\t\t\t\t<div class=\"elementor-element elementor-element-f9eaa16 content-align-mobile-center icon-position-mobile-top icon-vertical-align-mobile-center content-align-center icon-position-top icon-vertical-align-center icon-box-vertical-align-top elementor-widget elementor-widget-the7_icon_box_widget\" data-id=\"f9eaa16\" data-element_type=\"widget\" data-widget_type=\"the7_icon_box_widget.default\">\n\t\t\t\t<div class=\"elementor-widget-container\">\n\t\t\t\n\t\t<div class=\"the7-box-wrapper the7-elementor-widget the7_icon_box_widget-f9eaa16\">\t\t\t<div class=\"box-content-wrapper\">\n\t\t\t\t\t\t\t\t\t<a class=\"elementor-icon-div\" >\t\t\t\t\t\t<div class=\"elementor-icon\">\n\t\t\t\t\t\t\t<i aria-hidden=\"true\" class=\"fas fa-phone-alt\"><\/i>\t\t\t\t\t\t<\/div>\n\t\t\t\t\t<\/a>\t\t\t\t\t\t\t\t<div class=\"box-content\">\n\t\t\t\t\t\t\t\t\t\t\t\t\t\t\t\t\t<h4 class=\"box-heading\">\n\t\t\t\t\t\t\t<a >\t\t\t\t\t\t\t\tTel\u00e9fono\t\t\t\t\t\t\t<\/a>\t\t\t\t\t\t<\/h4>\n\t\t\t\t\t\t\t\t\t\t\t\t\t\t\t\t<div class=\"box-description\">+52 1 55 4351 0668<\/div>\n\t\t\t\t\t\n\t\t\t\t\t\n\t\t\t\t<\/div>\n\t\t\t<\/div>\n\t\t<\/div>\t\t\t<\/div>\n\t\t\t\t<\/div>\n\t\t\t\t\t<\/div>\n\t\t<\/div>\n\t\t\t\t<div class=\"elementor-column elementor-col-33 elementor-top-column elementor-element elementor-element-ad71038\" data-id=\"ad71038\" data-element_type=\"column\">\n\t\t\t<div class=\"elementor-widget-wrap elementor-element-populated\">\n\t\t\t\t\t\t\t\t<div class=\"elementor-element elementor-element-e6bc557 content-align-mobile-center icon-position-mobile-top icon-vertical-align-mobile-center content-align-center icon-position-top icon-vertical-align-center icon-box-vertical-align-top elementor-widget elementor-widget-the7_icon_box_widget\" data-id=\"e6bc557\" data-element_type=\"widget\" data-widget_type=\"the7_icon_box_widget.default\">\n\t\t\t\t<div class=\"elementor-widget-container\">\n\t\t\t\n\t\t<div class=\"the7-box-wrapper the7-elementor-widget the7_icon_box_widget-e6bc557\">\t\t\t<div class=\"box-content-wrapper\">\n\t\t\t\t\t\t\t\t\t<a class=\"elementor-icon-div\" >\t\t\t\t\t\t<div class=\"elementor-icon\">\n\t\t\t\t\t\t\t<i aria-hidden=\"true\" class=\"fas fa-map-marker-alt\"><\/i>\t\t\t\t\t\t<\/div>\n\t\t\t\t\t<\/a>\t\t\t\t\t\t\t\t<div class=\"box-content\">\n\t\t\t\t\t\t\t\t\t\t\t\t\t\t\t\t\t<h4 class=\"box-heading\">\n\t\t\t\t\t\t\t<a >\t\t\t\t\t\t\t\tDirecci\u00f3n\t\t\t\t\t\t\t<\/a>\t\t\t\t\t\t<\/h4>\n\t\t\t\t\t\t\t\t\t\t\t\t\t\t\t\t<div class=\"box-description\">Estado de M\u00e9xico, M\u00e9xico<\/div>\n\t\t\t\t\t\n\t\t\t\t\t\n\t\t\t\t<\/div>\n\t\t\t<\/div>\n\t\t<\/div>\t\t\t<\/div>\n\t\t\t\t<\/div>\n\t\t\t\t\t<\/div>\n\t\t<\/div>\n\t\t\t\t<div class=\"elementor-column elementor-col-33 elementor-top-column elementor-element elementor-element-967f6af\" data-id=\"967f6af\" data-element_type=\"column\">\n\t\t\t<div class=\"elementor-widget-wrap elementor-element-populated\">\n\t\t\t\t\t\t\t\t<div class=\"elementor-element elementor-element-3f51a91 content-align-mobile-center icon-position-mobile-top icon-vertical-align-mobile-center content-align-center icon-position-top icon-vertical-align-center icon-box-vertical-align-top elementor-widget elementor-widget-the7_icon_box_widget\" data-id=\"3f51a91\" data-element_type=\"widget\" data-widget_type=\"the7_icon_box_widget.default\">\n\t\t\t\t<div class=\"elementor-widget-container\">\n\t\t\t\n\t\t<div class=\"the7-box-wrapper the7-elementor-widget the7_icon_box_widget-3f51a91\">\t\t\t<div class=\"box-content-wrapper\">\n\t\t\t\t\t\t\t\t\t<a class=\"elementor-icon-div\" >\t\t\t\t\t\t<div class=\"elementor-icon\">\n\t\t\t\t\t\t\t<i aria-hidden=\"true\" class=\"fas fa-envelope\"><\/i>\t\t\t\t\t\t<\/div>\n\t\t\t\t\t<\/a>\t\t\t\t\t\t\t\t<div class=\"box-content\">\n\t\t\t\t\t\t\t\t\t\t\t\t\t\t\t\t\t<h4 class=\"box-heading\">\n\t\t\t\t\t\t\t<a >\t\t\t\t\t\t\t\tEmail\t\t\t\t\t\t\t<\/a>\t\t\t\t\t\t<\/h4>\n\t\t\t\t\t\t\t\t\t\t\t\t\t\t\t\t<div class=\"box-description\">\ncontacto@myrconsultores.mx<\/div>\n\t\t\t\t\t\n\t\t\t\t\t\n\t\t\t\t<\/div>\n\t\t\t<\/div>\n\t\t<\/div>\t\t\t<\/div>\n\t\t\t\t<\/div>\n\t\t\t\t\t<\/div>\n\t\t<\/div>\n\t\t\t\t\t\t\t<\/div>\n\t\t<\/section>\n\t\t\t\t<section class=\"elementor-section elementor-top-section elementor-element elementor-element-6a4d22fb elementor-section-stretched elementor-section-full_width elementor-section-height-default elementor-section-height-default\" data-id=\"6a4d22fb\" data-element_type=\"section\" data-settings=\"{&quot;stretch_section&quot;:&quot;section-stretched&quot;,&quot;background_background&quot;:&quot;classic&quot;}\">\n\t\t\t\t\t\t<div class=\"elementor-container elementor-column-gap-wider\">\n\t\t\t\t\t<div class=\"elementor-column elementor-col-50 elementor-top-column elementor-element elementor-element-377c9bda\" data-id=\"377c9bda\" data-element_type=\"column\" data-settings=\"{&quot;background_background&quot;:&quot;classic&quot;}\">\n\t\t\t<div class=\"elementor-widget-wrap elementor-element-populated\">\n\t\t\t\t\t\t\t\t<section class=\"elementor-section elementor-inner-section elementor-element elementor-element-16bba374 elementor-section-boxed elementor-section-height-default elementor-section-height-default\" data-id=\"16bba374\" data-element_type=\"section\">\n\t\t\t\t\t\t<div class=\"elementor-container elementor-column-gap-wider\">\n\t\t\t\t\t<div class=\"elementor-column elementor-col-100 elementor-inner-column elementor-element elementor-element-280cdd2e\" data-id=\"280cdd2e\" data-element_type=\"column\">\n\t\t\t<div class=\"elementor-widget-wrap elementor-element-populated\">\n\t\t\t\t\t\t\t\t<div class=\"elementor-element elementor-element-34f98c73 elementor-widget elementor-widget-heading\" data-id=\"34f98c73\" data-element_type=\"widget\" data-widget_type=\"heading.default\">\n\t\t\t\t<div class=\"elementor-widget-container\">\n\t\t\t<h3 class=\"elementor-heading-title elementor-size-default\">\u00bfNecesitas asesor\u00eda? Estamos para ayudarte<\/h3>\t\t<\/div>\n\t\t\t\t<\/div>\n\t\t\t\t<div class=\"elementor-element elementor-element-19cb2567 elementor-widget elementor-widget-spacer\" data-id=\"19cb2567\" data-element_type=\"widget\" data-widget_type=\"spacer.default\">\n\t\t\t\t<div class=\"elementor-widget-container\">\n\t\t\t\t\t<div class=\"elementor-spacer\">\n\t\t\t<div class=\"elementor-spacer-inner\"><\/div>\n\t\t<\/div>\n\t\t\t\t<\/div>\n\t\t\t\t<\/div>\n\t\t\t\t<div class=\"elementor-element elementor-element-3d9d5634 elementor-widget elementor-widget-text-editor\" data-id=\"3d9d5634\" data-element_type=\"widget\" data-widget_type=\"text-editor.default\">\n\t\t\t\t<div class=\"elementor-widget-container\">\n\t\t\t\t\t\t\t<p>D\u00e9janos tus datos y te contactaremos pronto.<\/p>\t\t\t\t\t\t<\/div>\n\t\t\t\t<\/div>\n\t\t\t\t<div class=\"elementor-element elementor-element-6d335443 elementor-widget elementor-widget-spacer\" data-id=\"6d335443\" data-element_type=\"widget\" data-widget_type=\"spacer.default\">\n\t\t\t\t<div class=\"elementor-widget-container\">\n\t\t\t\t\t<div class=\"elementor-spacer\">\n\t\t\t<div class=\"elementor-spacer-inner\"><\/div>\n\t\t<\/div>\n\t\t\t\t<\/div>\n\t\t\t\t<\/div>\n\t\t\t\t<div class=\"elementor-element elementor-element-3819a013 elementor-button-align-stretch elementor-widget elementor-widget-form\" data-id=\"3819a013\" data-element_type=\"widget\" data-settings=\"{&quot;step_next_label&quot;:&quot;Next&quot;,&quot;step_previous_label&quot;:&quot;Previous&quot;,&quot;button_width&quot;:&quot;100&quot;,&quot;step_type&quot;:&quot;number_text&quot;,&quot;step_icon_shape&quot;:&quot;circle&quot;}\" data-widget_type=\"form.default\">\n\t\t\t\t<div class=\"elementor-widget-container\">\n\t\t\t\t\t<form class=\"elementor-form\" method=\"post\" name=\"New Form\">\n\t\t\t<input type=\"hidden\" name=\"post_id\" value=\"4050\"\/>\n\t\t\t<input type=\"hidden\" name=\"form_id\" value=\"3819a013\"\/>\n\t\t\t<input type=\"hidden\" name=\"referer_title\" value=\"M &amp; R | Consultores\" \/>\n\n\t\t\t\n\t\t\t<div class=\"elementor-form-fields-wrapper elementor-labels-above\">\n\t\t\t\t\t\t\t\t<div class=\"elementor-field-type-text elementor-field-group elementor-column elementor-field-group-name elementor-col-50 elementor-field-required elementor-mark-required\">\n\t\t\t\t\t\t\t\t\t\t\t\t<label for=\"form-field-name\" class=\"elementor-field-label\">\n\t\t\t\t\t\t\t\tNombre\t\t\t\t\t\t\t<\/label>\n\t\t\t\t\t\t\t\t\t\t\t\t\t\t<input size=\"1\" type=\"text\" name=\"form_fields[name]\" id=\"form-field-name\" class=\"elementor-field elementor-size-lg  elementor-field-textual\" required=\"required\" aria-required=\"true\">\n\t\t\t\t\t\t\t\t\t\t\t<\/div>\n\t\t\t\t\t\t\t\t<div class=\"elementor-field-type-tel elementor-field-group elementor-column elementor-field-group-field_600c39e elementor-col-50 elementor-field-required elementor-mark-required\">\n\t\t\t\t\t\t\t\t\t\t\t\t<label for=\"form-field-field_600c39e\" class=\"elementor-field-label\">\n\t\t\t\t\t\t\t\tTel\u00e9fono\t\t\t\t\t\t\t<\/label>\n\t\t\t\t\t\t\t\t<input size=\"1\" type=\"tel\" name=\"form_fields[field_600c39e]\" id=\"form-field-field_600c39e\" class=\"elementor-field elementor-size-lg  elementor-field-textual\" required=\"required\" aria-required=\"true\" pattern=\"[0-9()#&amp;+*-=.]+\" title=\"Only numbers and phone characters (#, -, *, etc) are accepted.\">\n\n\t\t\t\t\t\t<\/div>\n\t\t\t\t\t\t\t\t<div class=\"elementor-field-group elementor-column elementor-field-type-submit elementor-col-100 e-form__buttons\">\n\t\t\t\t\t<button type=\"submit\" class=\"elementor-button elementor-size-lg\">\n\t\t\t\t\t\t<span >\n\t\t\t\t\t\t\t\t\t\t\t\t\t\t\t<span class=\" elementor-button-icon\">\n\t\t\t\t\t\t\t\t\t\t\t\t\t\t\t\t\t\t\t\t\t\t\t\t\t\t<\/span>\n\t\t\t\t\t\t\t\t\t\t\t\t\t\t\t\t\t\t\t\t\t\t<span class=\"elementor-button-text\">M\u00e1s Informaci\u00f3n<\/span>\n\t\t\t\t\t\t\t\t\t\t\t\t\t<\/span>\n\t\t\t\t\t<\/button>\n\t\t\t\t<\/div>\n\t\t\t<\/div>\n\t\t<\/form>\n\t\t\t\t<\/div>\n\t\t\t\t<\/div>\n\t\t\t\t\t<\/div>\n\t\t<\/div>\n\t\t\t\t\t\t\t<\/div>\n\t\t<\/section>\n\t\t\t\t\t<\/div>\n\t\t<\/div>\n\t\t\t\t<div class=\"elementor-column elementor-col-50 elementor-top-column elementor-element elementor-element-6c33f65a elementor-hidden-tablet elementor-hidden-mobile\" data-id=\"6c33f65a\" data-element_type=\"column\" data-settings=\"{&quot;background_background&quot;:&quot;classic&quot;}\">\n\t\t\t<div class=\"elementor-widget-wrap elementor-element-populated\">\n\t\t\t\t\t<div class=\"elementor-background-overlay\"><\/div>\n\t\t\t\t\t\t\t\t<div class=\"elementor-element elementor-element-72581fa0 elementor-widget elementor-widget-spacer\" data-id=\"72581fa0\" data-element_type=\"widget\" data-widget_type=\"spacer.default\">\n\t\t\t\t<div class=\"elementor-widget-container\">\n\t\t\t\t\t<div class=\"elementor-spacer\">\n\t\t\t<div class=\"elementor-spacer-inner\"><\/div>\n\t\t<\/div>\n\t\t\t\t<\/div>\n\t\t\t\t<\/div>\n\t\t\t\t\t<\/div>\n\t\t<\/div>\n\t\t\t\t\t\t\t<\/div>\n\t\t<\/section>\n\t\t\t\t\t\t\t<\/div>\n\t\t","protected":false},"excerpt":{"rendered":"<p>\u00a0 Tel\u00e9fono +52 1 55 4351 0668 Direcci\u00f3n Estado de M\u00e9xico, M\u00e9xico Email contacto@myrconsultores.mx \u00bfNecesitas asesor\u00eda? Estamos para ayudarte D\u00e9janos tus datos y te contactaremos pronto.<\/p>\n","protected":false},"author":1,"featured_media":601,"parent":0,"menu_order":70,"comment_status":"closed","ping_status":"closed","template":"","meta":{"footnotes":""},"class_list":["post-4050","page","type-page","status-publish","has-post-thumbnail","hentry"],"yoast_head":"<!-- This site is optimized with the Yoast SEO Premium plugin v24.9 (Yoast SEO v25.2) - https:\/\/yoast.com\/wordpress\/plugins\/seo\/ -->\n<title>Contacto - M &amp; R | Consultores<\/title>\n<meta name=\"robots\" content=\"index, follow, max-snippet:-1, max-image-preview:large, max-video-preview:-1\" \/>\n<link rel=\"canonical\" href=\"https:\/\/myrconsultores.mx\/index.php\/contacto\/\" \/>\n<meta property=\"og:locale\" content=\"es_ES\" \/>\n<meta property=\"og:type\" content=\"article\" \/>\n<meta property=\"og:title\" content=\"Contacto\" \/>\n<meta property=\"og:description\" content=\"\u00a0 Tel\u00e9fono +52 1 55 4351 0668 Direcci\u00f3n Estado de M\u00e9xico, M\u00e9xico Email contacto@myrconsultores.mx \u00bfNecesitas asesor\u00eda? Estamos para ayudarte D\u00e9janos tus datos y te contactaremos pronto.\" \/>\n<meta property=\"og:url\" content=\"https:\/\/myrconsultores.mx\/index.php\/contacto\/\" \/>\n<meta property=\"og:site_name\" content=\"M &amp; R | Consultores\" \/>\n<meta property=\"article:modified_time\" content=\"2025-06-13T22:37:52+00:00\" \/>\n<meta property=\"og:image\" content=\"https:\/\/myrconsultores.mx\/wp-content\/uploads\/2020\/02\/img001-45-1.jpg\" \/>\n\t<meta property=\"og:image:width\" content=\"1500\" \/>\n\t<meta property=\"og:image:height\" content=\"1000\" \/>\n\t<meta property=\"og:image:type\" content=\"image\/jpeg\" \/>\n<meta name=\"twitter:card\" content=\"summary_large_image\" \/>\n<meta name=\"twitter:label1\" content=\"Tiempo de lectura\" \/>\n\t<meta name=\"twitter:data1\" content=\"1 minuto\" \/>\n<script type=\"application\/ld+json\" class=\"yoast-schema-graph\">{\"@context\":\"https:\/\/schema.org\",\"@graph\":[{\"@type\":\"WebPage\",\"@id\":\"https:\/\/myrconsultores.mx\/index.php\/contacto\/\",\"url\":\"https:\/\/myrconsultores.mx\/index.php\/contacto\/\",\"name\":\"Contacto - M &amp; R | Consultores\",\"isPartOf\":{\"@id\":\"https:\/\/myrconsultores.mx\/#website\"},\"primaryImageOfPage\":{\"@id\":\"https:\/\/myrconsultores.mx\/index.php\/contacto\/#primaryimage\"},\"image\":{\"@id\":\"https:\/\/myrconsultores.mx\/index.php\/contacto\/#primaryimage\"},\"thumbnailUrl\":\"https:\/\/myrconsultores.mx\/wp-content\/uploads\/2020\/02\/img001-45-1.jpg\",\"datePublished\":\"2021-12-18T16:39:47+00:00\",\"dateModified\":\"2025-06-13T22:37:52+00:00\",\"breadcrumb\":{\"@id\":\"https:\/\/myrconsultores.mx\/index.php\/contacto\/#breadcrumb\"},\"inLanguage\":\"es\",\"potentialAction\":[{\"@type\":\"ReadAction\",\"target\":[\"https:\/\/myrconsultores.mx\/index.php\/contacto\/\"]}]},{\"@type\":\"ImageObject\",\"inLanguage\":\"es\",\"@id\":\"https:\/\/myrconsultores.mx\/index.php\/contacto\/#primaryimage\",\"url\":\"https:\/\/myrconsultores.mx\/wp-content\/uploads\/2020\/02\/img001-45-1.jpg\",\"contentUrl\":\"https:\/\/myrconsultores.mx\/wp-content\/uploads\/2020\/02\/img001-45-1.jpg\",\"width\":1500,\"height\":1000},{\"@type\":\"BreadcrumbList\",\"@id\":\"https:\/\/myrconsultores.mx\/index.php\/contacto\/#breadcrumb\",\"itemListElement\":[{\"@type\":\"ListItem\",\"position\":1,\"name\":\"Home\",\"item\":\"https:\/\/myrconsultores.mx\/\"},{\"@type\":\"ListItem\",\"position\":2,\"name\":\"Contacto\"}]},{\"@type\":\"WebSite\",\"@id\":\"https:\/\/myrconsultores.mx\/#website\",\"url\":\"https:\/\/myrconsultores.mx\/\",\"name\":\"M &amp; R | Consultores\",\"description\":\"Soluciones financieras con visi\u00f3n estrat\u00e9gica.\",\"publisher\":{\"@id\":\"https:\/\/myrconsultores.mx\/#organization\"},\"potentialAction\":[{\"@type\":\"SearchAction\",\"target\":{\"@type\":\"EntryPoint\",\"urlTemplate\":\"https:\/\/myrconsultores.mx\/?s={search_term_string}\"},\"query-input\":{\"@type\":\"PropertyValueSpecification\",\"valueRequired\":true,\"valueName\":\"search_term_string\"}}],\"inLanguage\":\"es\"},{\"@type\":\"Organization\",\"@id\":\"https:\/\/myrconsultores.mx\/#organization\",\"name\":\"M &amp; R | Consultores\",\"url\":\"https:\/\/myrconsultores.mx\/\",\"logo\":{\"@type\":\"ImageObject\",\"inLanguage\":\"es\",\"@id\":\"https:\/\/myrconsultores.mx\/#\/schema\/logo\/image\/\",\"url\":\"https:\/\/myrconsultores.mx\/wp-content\/uploads\/2021\/12\/bus-logo-black.svg\",\"contentUrl\":\"https:\/\/myrconsultores.mx\/wp-content\/uploads\/2021\/12\/bus-logo-black.svg\",\"caption\":\"M &amp; R | Consultores \"},\"image\":{\"@id\":\"https:\/\/myrconsultores.mx\/#\/schema\/logo\/image\/\"}}]}<\/script>\n<!-- \/ Yoast SEO Premium plugin. -->","yoast_head_json":{"title":"Contacto - M &amp; R | Consultores","robots":{"index":"index","follow":"follow","max-snippet":"max-snippet:-1","max-image-preview":"max-image-preview:large","max-video-preview":"max-video-preview:-1"},"canonical":"https:\/\/myrconsultores.mx\/index.php\/contacto\/","og_locale":"es_ES","og_type":"article","og_title":"Contacto","og_description":"\u00a0 Tel\u00e9fono +52 1 55 4351 0668 Direcci\u00f3n Estado de M\u00e9xico, M\u00e9xico Email contacto@myrconsultores.mx \u00bfNecesitas asesor\u00eda? Estamos para ayudarte D\u00e9janos tus datos y te contactaremos pronto.","og_url":"https:\/\/myrconsultores.mx\/index.php\/contacto\/","og_site_name":"M &amp; R | Consultores","article_modified_time":"2025-06-13T22:37:52+00:00","og_image":[{"width":1500,"height":1000,"url":"https:\/\/myrconsultores.mx\/wp-content\/uploads\/2020\/02\/img001-45-1.jpg","type":"image\/jpeg"}],"twitter_card":"summary_large_image","twitter_misc":{"Tiempo de lectura":"1 minuto"},"schema":{"@context":"https:\/\/schema.org","@graph":[{"@type":"WebPage","@id":"https:\/\/myrconsultores.mx\/index.php\/contacto\/","url":"https:\/\/myrconsultores.mx\/index.php\/contacto\/","name":"Contacto - M &amp; R | Consultores","isPartOf":{"@id":"https:\/\/myrconsultores.mx\/#website"},"primaryImageOfPage":{"@id":"https:\/\/myrconsultores.mx\/index.php\/contacto\/#primaryimage"},"image":{"@id":"https:\/\/myrconsultores.mx\/index.php\/contacto\/#primaryimage"},"thumbnailUrl":"https:\/\/myrconsultores.mx\/wp-content\/uploads\/2020\/02\/img001-45-1.jpg","datePublished":"2021-12-18T16:39:47+00:00","dateModified":"2025-06-13T22:37:52+00:00","breadcrumb":{"@id":"https:\/\/myrconsultores.mx\/index.php\/contacto\/#breadcrumb"},"inLanguage":"es","potentialAction":[{"@type":"ReadAction","target":["https:\/\/myrconsultores.mx\/index.php\/contacto\/"]}]},{"@type":"ImageObject","inLanguage":"es","@id":"https:\/\/myrconsultores.mx\/index.php\/contacto\/#primaryimage","url":"https:\/\/myrconsultores.mx\/wp-content\/uploads\/2020\/02\/img001-45-1.jpg","contentUrl":"https:\/\/myrconsultores.mx\/wp-content\/uploads\/2020\/02\/img001-45-1.jpg","width":1500,"height":1000},{"@type":"BreadcrumbList","@id":"https:\/\/myrconsultores.mx\/index.php\/contacto\/#breadcrumb","itemListElement":[{"@type":"ListItem","position":1,"name":"Home","item":"https:\/\/myrconsultores.mx\/"},{"@type":"ListItem","position":2,"name":"Contacto"}]},{"@type":"WebSite","@id":"https:\/\/myrconsultores.mx\/#website","url":"https:\/\/myrconsultores.mx\/","name":"M &amp; R | Consultores","description":"Soluciones financieras con visi\u00f3n estrat\u00e9gica.","publisher":{"@id":"https:\/\/myrconsultores.mx\/#organization"},"potentialAction":[{"@type":"SearchAction","target":{"@type":"EntryPoint","urlTemplate":"https:\/\/myrconsultores.mx\/?s={search_term_string}"},"query-input":{"@type":"PropertyValueSpecification","valueRequired":true,"valueName":"search_term_string"}}],"inLanguage":"es"},{"@type":"Organization","@id":"https:\/\/myrconsultores.mx\/#organization","name":"M &amp; R | Consultores","url":"https:\/\/myrconsultores.mx\/","logo":{"@type":"ImageObject","inLanguage":"es","@id":"https:\/\/myrconsultores.mx\/#\/schema\/logo\/image\/","url":"https:\/\/myrconsultores.mx\/wp-content\/uploads\/2021\/12\/bus-logo-black.svg","contentUrl":"https:\/\/myrconsultores.mx\/wp-content\/uploads\/2021\/12\/bus-logo-black.svg","caption":"M &amp; R | Consultores "},"image":{"@id":"https:\/\/myrconsultores.mx\/#\/schema\/logo\/image\/"}}]}},"_links":{"self":[{"href":"https:\/\/myrconsultores.mx\/index.php\/wp-json\/wp\/v2\/pages\/4050","targetHints":{"allow":["GET"]}}],"collection":[{"href":"https:\/\/myrconsultores.mx\/index.php\/wp-json\/wp\/v2\/pages"}],"about":[{"href":"https:\/\/myrconsultores.mx\/index.php\/wp-json\/wp\/v2\/types\/page"}],"author":[{"embeddable":true,"href":"https:\/\/myrconsultores.mx\/index.php\/wp-json\/wp\/v2\/users\/1"}],"replies":[{"embeddable":true,"href":"https:\/\/myrconsultores.mx\/index.php\/wp-json\/wp\/v2\/comments?post=4050"}],"version-history":[{"count":0,"href":"https:\/\/myrconsultores.mx\/index.php\/wp-json\/wp\/v2\/pages\/4050\/revisions"}],"wp:featuredmedia":[{"embeddable":true,"href":"https:\/\/myrconsultores.mx\/index.php\/wp-json\/wp\/v2\/media\/601"}],"wp:attachment":[{"href":"https:\/\/myrconsultores.mx\/index.php\/wp-json\/wp\/v2\/media?parent=4050"}],"curies":[{"name":"wp","href":"https:\/\/api.w.org\/{rel}","templated":true}]}}